{"id":9,"date":"2024-04-03T13:27:55","date_gmt":"2024-04-03T11:27:55","guid":{"rendered":"http:\/\/localhost\/wordpress\/?page_id=8"},"modified":"2026-01-30T15:25:07","modified_gmt":"2026-01-30T14:25:07","slug":"homepage","status":"publish","type":"page","link":"https:\/\/thomaslamy.eu\/wordpress\/tlform\/","title":{"rendered":"Homepage"},"content":{"rendered":"\n<div class=\"wp-block-cover alignfull is-light has-parallax\" style=\"min-height:100vh;aspect-ratio:unset;\"><div class=\"wp-block-cover__image-background wp-image-104 has-parallax\" style=\"background-position:50% 50%;background-image:url(https:\/\/thomaslamy.eu\/wordpress\/tlform\/wp-content\/uploads\/sites\/2\/2024\/04\/20190507_130426-scaled-1.jpg)\"><\/div><span aria-hidden=\"true\" class=\"wp-block-cover__background has-background-dim-20 has-background-dim\" style=\"background-color:#8d926a\"><\/span><div class=\"wp-block-cover__inner-container has-global-padding is-layout-constrained wp-block-cover-is-layout-constrained\">\n<p class=\"has-text-align-center has-white-color has-text-color has-max-60-font-size\" style=\"font-style:normal;font-weight:900;line-height:1.2\"><strong>Thomas Lamy Formation<\/strong><\/p>\n\n\n\n<p class=\"has-text-align-center has-white-color has-text-color has-large-font-size\">\t\t\t<span id=\"typedjs23\" class=\"animated-typed-js-shortcode \"><\/span>\n\t\t\t<script>\n\t\t\tvar typedjs23 = new Typed('#typedjs23', {\n\t\t\t\tstrings: [\"Intervention sur la Haute-Marne\",\"Intervention sur la r\\u00e9gion Grand Est\",\"Formateur pour adultes\",\"Formateur informatique\",\"Formateur logistique\",\"Formateur T.R.E.\",\"Ing\\u00e9nierie p\\u00e9dagogique\",\"Jur\\u00e9 d&rsquo;examen Agent Mag\",\"Maker\",\"Passionn\\u00e9\",\"Humain\"],\n\t\t\t\ttypeSpeed: 75,\n\t\t\t\tbackSpeed: 50,\n\t\t\t\tbackDelay: 1500,\n\t\t\t\tstartDelay: 500,\n\t\t\t\tloop: true,\n\t\t\t\tloopCount: 0,\n\t\t\t\tfadeOut: false,\n\t\t\t\tfadeOutDelay: 500,\n\t\t\t\tsmartBackspace: true,\n\t\t\t\tshuffle: false,\n\t\t\t\tshowCursor: true,\n\t\t\t\tcursorChar: \"|\"\n\t\t\t});\n\t\t\t<\/script>\n\n\t\t<\/p>\n\n\n\n<p><\/p>\n\n\n\n<div class=\"wp-block-buttons is-content-justification-center is-layout-flex wp-container-core-buttons-is-layout-a89b3969 wp-block-buttons-is-layout-flex\">\n<div class=\"wp-block-button is-style-outline is-style-outline--1\"><a class=\"wp-block-button__link has-white-color has-text-color wp-element-button\" href=\"https:\/\/thomaslamy.eu\/wordpress\/tlform\/index.php\/about\/\" style=\"border-radius:0px\">Qui suis je ?<\/a><\/div>\n<\/div>\n<\/div><\/div>\n\n\n\n<div class=\"wp-block-group alignfull pattern_multiple_covers has-background has-global-padding is-layout-constrained wp-block-group-is-layout-constrained\" id=\"services\" style=\"background-color:#f8f8f8\">\n<div style=\"height:84px\" aria-hidden=\"true\" class=\"wp-block-spacer\"><\/div>\n\n\n\n<h2 class=\"wp-block-heading has-text-align-left has-secondary-color has-text-color has-link-color wp-elements-1735cd24f3c62ab1ee1a324973bb6fc6\">Mes prestations<\/h2>\n\n\n\n<p class=\"has-text-align-left\">N&rsquo;h\u00e9sitez pas \u00e0 me contacter pour plus d&rsquo;informations<\/p>\n\n\n\n<div style=\"height:46px\" aria-hidden=\"true\" class=\"wp-block-spacer\"><\/div>\n\n\n\n<div class=\"wp-block-columns is-layout-flex wp-container-core-columns-is-layout-28f84493 wp-block-columns-is-layout-flex\">\n<div class=\"wp-block-column is-layout-flow wp-block-column-is-layout-flow\" style=\"padding-top:0;padding-right:0;padding-bottom:0;padding-left:0\">\n<div class=\"wp-block-cover has-custom-content-position is-position-bottom-left\" style=\"padding-top:var(--wp--preset--spacing--small);padding-right:var(--wp--preset--spacing--x-small);padding-bottom:var(--wp--preset--spacing--small);padding-left:var(--wp--preset--spacing--x-small)\"><img alt=\"Des mains sur un clavier de pc portable\" loading=\"lazy\" decoding=\"async\" width=\"1280\" height=\"1920\" class=\"wp-block-cover__image-background wp-image-84\" alt=\"\" src=\"https:\/\/thomaslamy.eu\/wordpress\/tlform\/wp-content\/uploads\/sites\/2\/2024\/04\/pexels-sora-shimazaki-5926370-1.jpg\" data-object-fit=\"cover\" srcset=\"https:\/\/thomaslamy.eu\/wordpress\/tlform\/wp-content\/uploads\/sites\/2\/2024\/04\/pexels-sora-shimazaki-5926370-1.jpg 1280w, https:\/\/thomaslamy.eu\/wordpress\/tlform\/wp-content\/uploads\/sites\/2\/2024\/04\/pexels-sora-shimazaki-5926370-1-200x300.jpg 200w, https:\/\/thomaslamy.eu\/wordpress\/tlform\/wp-content\/uploads\/sites\/2\/2024\/04\/pexels-sora-shimazaki-5926370-1-683x1024.jpg 683w, https:\/\/thomaslamy.eu\/wordpress\/tlform\/wp-content\/uploads\/sites\/2\/2024\/04\/pexels-sora-shimazaki-5926370-1-768x1152.jpg 768w, https:\/\/thomaslamy.eu\/wordpress\/tlform\/wp-content\/uploads\/sites\/2\/2024\/04\/pexels-sora-shimazaki-5926370-1-1024x1536.jpg 1024w\" sizes=\"auto, (max-width: 1280px) 100vw, 1280px\" \/><span aria-hidden=\"true\" class=\"wp-block-cover__background has-primary-background-color has-background-dim-70 has-background-dim\"><\/span><div class=\"wp-block-cover__inner-container is-layout-flow wp-block-cover-is-layout-flow\">\n<h3 class=\"wp-block-heading has-white-color has-text-color has-medium-font-size\" style=\"margin-top:0;margin-right:0;margin-bottom:0;margin-left:0\">Formations num\u00e9riques<\/h3>\n\n\n\n<p class=\"has-secondary-color has-text-color has-link-color wp-elements-74ae077b8b207f3a28c0f34d00949d1a\" style=\"margin-top:0;margin-right:0;margin-bottom:0;margin-left:0\"><a href=\"https:\/\/thomaslamy.eu\/wordpress\/tlform\/index.php\/formations-numeriques\/\" data-type=\"page\" data-id=\"54\">Voir la page d\u00e9di\u00e9e \u2192<\/a><\/p>\n<\/div><\/div>\n<\/div>\n\n\n\n<div class=\"wp-block-column is-layout-flow wp-block-column-is-layout-flow\" style=\"padding-top:0;padding-right:0;padding-bottom:0;padding-left:0\">\n<div class=\"wp-block-cover has-custom-content-position is-position-bottom-left\" style=\"padding-top:var(--wp--preset--spacing--small);padding-right:var(--wp--preset--spacing--x-small);padding-bottom:var(--wp--preset--spacing--small);padding-left:var(--wp--preset--spacing--x-small)\"><img alt=\"\" loading=\"lazy\" decoding=\"async\" width=\"1050\" height=\"698\" class=\"wp-block-cover__image-background wp-image-363\" alt=\"\" src=\"https:\/\/thomaslamy.eu\/wordpress\/tlform\/wp-content\/uploads\/sites\/2\/2025\/02\/mechanical_engineering.jpg\" data-object-fit=\"cover\" srcset=\"https:\/\/thomaslamy.eu\/wordpress\/tlform\/wp-content\/uploads\/sites\/2\/2025\/02\/mechanical_engineering.jpg 1050w, https:\/\/thomaslamy.eu\/wordpress\/tlform\/wp-content\/uploads\/sites\/2\/2025\/02\/mechanical_engineering-300x199.jpg 300w, https:\/\/thomaslamy.eu\/wordpress\/tlform\/wp-content\/uploads\/sites\/2\/2025\/02\/mechanical_engineering-1024x681.jpg 1024w, https:\/\/thomaslamy.eu\/wordpress\/tlform\/wp-content\/uploads\/sites\/2\/2025\/02\/mechanical_engineering-768x511.jpg 768w\" sizes=\"auto, (max-width: 1050px) 100vw, 1050px\" \/><span aria-hidden=\"true\" class=\"wp-block-cover__background has-primary-background-color has-background-dim-70 has-background-dim\"><\/span><div class=\"wp-block-cover__inner-container is-layout-flow wp-block-cover-is-layout-flow\">\n<h3 class=\"wp-block-heading has-white-color has-text-color has-medium-font-size\" style=\"margin-top:0;margin-right:0;margin-bottom:0;margin-left:0\">Atelier bricolage: \u00ab\u00a0Faire pour savoir-faire\u00a0\u00bb<\/h3>\n\n\n\n<p class=\"has-secondary-color has-text-color has-link-color wp-elements-0a4c203b38f9284bf4d8e4aa1b407735\" style=\"margin-top:0;margin-right:0;margin-bottom:0;margin-left:0\"><a href=\"https:\/\/thomaslamy.eu\/wordpress\/tlform\/index.php\/faire-pour-savoir-faire\/\" data-type=\"page\" data-id=\"350\">Voir la page d\u00e9di\u00e9e \u2192<\/a><\/p>\n<\/div><\/div>\n<\/div>\n<\/div>\n\n\n\n<div class=\"wp-block-columns is-layout-flex wp-container-core-columns-is-layout-28f84493 wp-block-columns-is-layout-flex\">\n<div class=\"wp-block-column is-layout-flow wp-block-column-is-layout-flow\" style=\"padding-top:0;padding-right:0;padding-bottom:0;padding-left:0\">\n<div class=\"wp-block-cover has-custom-content-position is-position-bottom-left\" style=\"padding-top:var(--wp--preset--spacing--small);padding-right:var(--wp--preset--spacing--x-small);padding-bottom:var(--wp--preset--spacing--small);padding-left:var(--wp--preset--spacing--x-small)\"><img alt=\"Une femme se tenant la t\u00eate devant son pc portable\" loading=\"lazy\" decoding=\"async\" width=\"1280\" height=\"640\" class=\"wp-block-cover__image-background wp-image-83\" alt=\"\" src=\"https:\/\/thomaslamy.eu\/wordpress\/tlform\/wp-content\/uploads\/sites\/2\/2024\/04\/pexels-andrea-piacquadio-3755755-1-1280x640-1.jpg\" data-object-fit=\"cover\" srcset=\"https:\/\/thomaslamy.eu\/wordpress\/tlform\/wp-content\/uploads\/sites\/2\/2024\/04\/pexels-andrea-piacquadio-3755755-1-1280x640-1.jpg 1280w, https:\/\/thomaslamy.eu\/wordpress\/tlform\/wp-content\/uploads\/sites\/2\/2024\/04\/pexels-andrea-piacquadio-3755755-1-1280x640-1-300x150.jpg 300w, https:\/\/thomaslamy.eu\/wordpress\/tlform\/wp-content\/uploads\/sites\/2\/2024\/04\/pexels-andrea-piacquadio-3755755-1-1280x640-1-1024x512.jpg 1024w, https:\/\/thomaslamy.eu\/wordpress\/tlform\/wp-content\/uploads\/sites\/2\/2024\/04\/pexels-andrea-piacquadio-3755755-1-1280x640-1-768x384.jpg 768w\" sizes=\"auto, (max-width: 1280px) 100vw, 1280px\" \/><span aria-hidden=\"true\" class=\"wp-block-cover__background has-primary-background-color has-background-dim-70 has-background-dim\"><\/span><div class=\"wp-block-cover__inner-container is-layout-flow wp-block-cover-is-layout-flow\">\n<h3 class=\"wp-block-heading has-white-color has-text-color has-medium-font-size\" style=\"margin-top:0;margin-right:0;margin-bottom:0;margin-left:0\">Accompagnement Sociopro<br>Projet Reconversion<\/h3>\n\n\n\n<p class=\"has-secondary-color has-text-color has-link-color wp-elements-ad0d1adc984e5a2953c0f364d1e770c9\" style=\"margin-top:0;margin-right:0;margin-bottom:0;margin-left:0\"><a href=\"https:\/\/thomaslamy.eu\/wordpress\/tlform\/index.php\/accompagnement-socioprofessionnel\/\" data-type=\"page\" data-id=\"58\">Voir la page d\u00e9di\u00e9e \u2192<\/a><\/p>\n<\/div><\/div>\n<\/div>\n\n\n\n<div class=\"wp-block-column is-layout-flow wp-block-column-is-layout-flow\" style=\"padding-top:0;padding-right:0;padding-bottom:0;padding-left:0\">\n<div class=\"wp-block-cover has-custom-content-position is-position-bottom-left\" style=\"padding-top:var(--wp--preset--spacing--small);padding-right:var(--wp--preset--spacing--x-small);padding-bottom:var(--wp--preset--spacing--small);padding-left:var(--wp--preset--spacing--x-small)\"><img alt=\"Image design montrant des connexions entre des points\" loading=\"lazy\" decoding=\"async\" width=\"1920\" height=\"1016\" class=\"wp-block-cover__image-background wp-image-102\" alt=\"\" src=\"https:\/\/thomaslamy.eu\/wordpress\/tlform\/wp-content\/uploads\/sites\/2\/2024\/04\/system-3699542_1920.jpg\" data-object-fit=\"cover\" srcset=\"https:\/\/thomaslamy.eu\/wordpress\/tlform\/wp-content\/uploads\/sites\/2\/2024\/04\/system-3699542_1920.jpg 1920w, https:\/\/thomaslamy.eu\/wordpress\/tlform\/wp-content\/uploads\/sites\/2\/2024\/04\/system-3699542_1920-300x159.jpg 300w, https:\/\/thomaslamy.eu\/wordpress\/tlform\/wp-content\/uploads\/sites\/2\/2024\/04\/system-3699542_1920-1024x542.jpg 1024w, https:\/\/thomaslamy.eu\/wordpress\/tlform\/wp-content\/uploads\/sites\/2\/2024\/04\/system-3699542_1920-768x406.jpg 768w, https:\/\/thomaslamy.eu\/wordpress\/tlform\/wp-content\/uploads\/sites\/2\/2024\/04\/system-3699542_1920-1536x813.jpg 1536w\" sizes=\"auto, (max-width: 1920px) 100vw, 1920px\" \/><span aria-hidden=\"true\" class=\"wp-block-cover__background has-primary-background-color has-background-dim-70 has-background-dim\"><\/span><div class=\"wp-block-cover__inner-container is-layout-flow wp-block-cover-is-layout-flow\">\n<h3 class=\"wp-block-heading has-white-color has-text-color has-medium-font-size\" style=\"margin-top:0;margin-right:0;margin-bottom:0;margin-left:0\">Autres prestations <\/h3>\n\n\n\n<p class=\"has-secondary-color has-text-color has-link-color wp-elements-2a6359c2eee0013096094f50a83d19b3\" style=\"margin-top:0;margin-right:0;margin-bottom:0;margin-left:0\"><a href=\"https:\/\/thomaslamy.eu\/wordpress\/tlform\/index.php\/autres-prestations\/\" data-type=\"page\" data-id=\"224\">Voir la page d\u00e9di\u00e9e \u2192<\/a><\/p>\n<\/div><\/div>\n<\/div>\n<\/div>\n\n\n\n<div style=\"height:103px\" aria-hidden=\"true\" class=\"wp-block-spacer\"><\/div>\n<\/div>\n\n\n\n<div class=\"wp-block-group alignfull has-global-padding is-layout-constrained wp-block-group-is-layout-constrained\">\n<div class=\"wp-block-group has-global-padding is-layout-constrained wp-block-group-is-layout-constrained\" style=\"padding-top:var(--wp--preset--spacing--small);padding-bottom:var(--wp--preset--spacing--small)\">\n<div style=\"height:30px\" aria-hidden=\"true\" class=\"wp-block-spacer\"><\/div>\n\n\n\n<div class=\"wp-block-columns is-layout-flex wp-container-core-columns-is-layout-c375d253 wp-block-columns-is-layout-flex\">\n<div class=\"wp-block-column is-vertically-aligned-center is-layout-flow wp-block-column-is-layout-flow\">\n<h2 class=\"wp-block-heading has-secondary-color has-text-color has-link-color has-medium-font-size wp-elements-6f1c515d386a0f95deda1fb0ea3eab6e\" style=\"text-transform:uppercase\">Qui suis-je ?<\/h2>\n\n\n\n<p>Poss\u00e9dant une exp\u00e9rience de 7 ann\u00e9es dans la formation et l&rsquo;accompagnement, je me base sur l&rsquo;exp\u00e9rience de toute ma vie professionnelle et m\u00eame plus pour enseigner, accompagner et faire progresser.<\/p>\n\n\n\n<div class=\"wp-block-buttons is-horizontal is-content-justification-left is-layout-flex wp-container-core-buttons-is-layout-20be11b6 wp-block-buttons-is-layout-flex\">\n<div class=\"wp-block-button is-style-outline is-style-outline--2\"><a class=\"wp-block-button__link wp-element-button\" href=\"https:\/\/thomaslamy.eu\/wordpress\/tlform\/index.php\/about\/\" style=\"border-radius:0px\">Pour en savoir plus<\/a><\/div>\n<\/div>\n\n\n\n<p><\/p>\n<\/div>\n\n\n\n<div class=\"wp-block-column is-layout-flow wp-block-column-is-layout-flow\">\n<figure class=\"wp-block-image size-large\"><img alt=\"Paysage apaisant avec for\u00eat en arri\u00e8re plan, un \u00e9tang et un ponton\" decoding=\"async\" src=\"https:\/\/thomaslamy.eu\/wordpress\/tlform\/wp-content\/uploads\/2024\/04\/20190507_130500-1024x576.jpg\" alt=\"\" class=\"wp-image-135\"\/><\/figure>\n<\/div>\n<\/div>\n\n\n\n<div style=\"height:30px\" aria-hidden=\"true\" class=\"wp-block-spacer\"><\/div>\n<\/div>\n<\/div>\n\n\n\n<div class=\"wp-block-group alignfull has-background has-global-padding is-layout-constrained wp-block-group-is-layout-constrained\" style=\"background-color:#f8f8f8\"><\/div>\n\n\n\n<div class=\"wp-block-cover alignfull has-parallax is-position-center-center\" style=\"border-radius:0px\"><div class=\"wp-block-cover__image-background wp-image-104 has-parallax\" style=\"background-position:50% 50%;background-image:url(https:\/\/thomaslamy.eu\/wordpress\/tlform\/wp-content\/uploads\/sites\/2\/2024\/04\/20190507_130426-scaled-1.jpg)\"><\/div><span aria-hidden=\"true\" class=\"wp-block-cover__background has-black-background-color has-background-dim\"><\/span><div class=\"wp-block-cover__inner-container is-layout-flow wp-block-cover-is-layout-flow\">\n<div class=\"wp-block-group has-global-padding is-layout-constrained wp-block-group-is-layout-constrained\">\n<h3 class=\"wp-block-heading has-text-align-center has-text-color has-medium-font-size\" style=\"color:#fffffa;text-transform:uppercase\">Mon \u00e9tat d&rsquo;esprit<\/h3>\n\n\n\n<p class=\"has-text-align-center has-white-color has-text-color\">Apprendre avec le sourire<br>Veille technique constante<br>Relations continues avec les structures du secteur<br>Respect et sinc\u00e9rit\u00e9<\/p>\n\n\n\n<p class=\"has-text-align-center has-white-color has-text-color\"><br><\/p>\n\n\n\n<div style=\"height:31px\" aria-hidden=\"true\" class=\"wp-block-spacer\"><\/div>\n\n\n\n<div class=\"wp-block-buttons is-horizontal is-content-justification-center is-layout-flex wp-container-core-buttons-is-layout-03627597 wp-block-buttons-is-layout-flex\">\n<div class=\"wp-block-button is-style-outline is-style-outline--3\"><a class=\"wp-block-button__link has-white-color has-text-color wp-element-button\" href=\"https:\/\/thomaslamy.eu\/wordpress\/tlform\/index.php\/contact-2\/\" style=\"border-radius:0px\">Contactez moi<\/a><\/div>\n<\/div>\n<\/div>\n<\/div><\/div>\n","protected":false},"excerpt":{"rendered":"<p>Mes prestations N&rsquo;h\u00e9sitez pas \u00e0 me contacter pour plus d&rsquo;informations Qui suis-je ? Poss\u00e9dant une exp\u00e9rience de 7 ann\u00e9es dans la formation et l&rsquo;accompagnement, je me base sur l&rsquo;exp\u00e9rience de toute ma vie professionnelle et m\u00eame plus pour enseigner, accompagner et faire progresser.<\/p>\n","protected":false},"author":1,"featured_media":0,"parent":0,"menu_order":0,"comment_status":"closed","ping_status":"closed","template":"page-templates\/homepage-no-hero.php","meta":{"_seopress_robots_primary_cat":"","_seopress_titles_title":"Thomas LAMY Formation et accompagnement","_seopress_titles_desc":"Accompagner, transmettre","_seopress_robots_index":"","inspiro_hide_title":false,"footnotes":""},"class_list":["post-9","page","type-page","status-publish","hentry"],"_links":{"self":[{"href":"https:\/\/thomaslamy.eu\/wordpress\/tlform\/wp-json\/wp\/v2\/pages\/9","targetHints":{"allow":["GET"]}}],"collection":[{"href":"https:\/\/thomaslamy.eu\/wordpress\/tlform\/wp-json\/wp\/v2\/pages"}],"about":[{"href":"https:\/\/thomaslamy.eu\/wordpress\/tlform\/wp-json\/wp\/v2\/types\/page"}],"author":[{"embeddable":true,"href":"https:\/\/thomaslamy.eu\/wordpress\/tlform\/wp-json\/wp\/v2\/users\/1"}],"replies":[{"embeddable":true,"href":"https:\/\/thomaslamy.eu\/wordpress\/tlform\/wp-json\/wp\/v2\/comments?post=9"}],"version-history":[{"count":3,"href":"https:\/\/thomaslamy.eu\/wordpress\/tlform\/wp-json\/wp\/v2\/pages\/9\/revisions"}],"predecessor-version":[{"id":407,"href":"https:\/\/thomaslamy.eu\/wordpress\/tlform\/wp-json\/wp\/v2\/pages\/9\/revisions\/407"}],"wp:attachment":[{"href":"https:\/\/thomaslamy.eu\/wordpress\/tlform\/wp-json\/wp\/v2\/media?parent=9"}],"curies":[{"name":"wp","href":"https:\/\/api.w.org\/{rel}","templated":true}]}}