{"id":54,"date":"2024-04-03T14:49:14","date_gmt":"2024-04-03T12:49:14","guid":{"rendered":"http:\/\/localhost\/wordpress\/?page_id=54"},"modified":"2024-04-03T14:49:14","modified_gmt":"2024-04-03T12:49:14","slug":"formations-numeriques","status":"publish","type":"page","link":"https:\/\/thomaslamy.eu\/wordpress\/tlform\/formations-numeriques\/","title":{"rendered":"Formations num\u00e9riques"},"content":{"rendered":"\n<p>D&rsquo;apr\u00e8s un sondage de France Travail en 2022, la principale <strong>difficult\u00e9 <\/strong>annonc\u00e9e par les demandeurs d&#8217;emplois concernait le <strong>num\u00e9rique<\/strong>. Mais ce frein se retrouve chez de nombreux <strong>actifs <\/strong>en emploi, par le pass\u00e9 j&rsquo;ai moi-m\u00eame attendu une formation EXCEL pendant 5 ans aupr\u00e8s d&rsquo;un employeur, elle n&rsquo;est jamais arriv\u00e9.<\/p>\n\n\n\n<p>Je peux intervenir sur diff\u00e9rents th\u00e8mes. Mes contenus sont toujours cr\u00e9\u00e9s en fonction de votre situation\/secteur\/projet.<\/p>\n\n\n\n<h2 class=\"wp-block-heading\">D\u00e9couverte informatique<\/h2>\n\n\n\n<ul class=\"wp-block-list\">\n<li>Les diff\u00e9rentes technologies d&rsquo;informations et de communication<\/li>\n\n\n\n<li>Apprentissage du clavier, souris et des p\u00e9riph\u00e9riques<\/li>\n\n\n\n<li>Utilisation d&rsquo;un navigateur et d\u00e9couverte d&rsquo;Internet<\/li>\n\n\n\n<li>Base de la s\u00e9curit\u00e9 en ligne (mots de passes, rappels de s\u00e9curit\u00e9, d\u00e9tections des arnaques&#8230;)<\/li>\n\n\n\n<li>Gestion des fichiers<\/li>\n\n\n\n<li>Utiliser une boite mail<\/li>\n<\/ul>\n\n\n\n<h2 class=\"wp-block-heading\">Initiation et perfectionnement Traitement de texte (Word ou autres)<\/h2>\n\n\n\n<ul class=\"wp-block-list\">\n<li>Les diff\u00e9rents logiciels existants<\/li>\n\n\n\n<li>D\u00e9couverte de l&rsquo;environnement<\/li>\n\n\n\n<li>Les fonctionnalit\u00e9s de bases (s\u00e9lection, mise en forme, mise en page, impression)<\/li>\n\n\n\n<li>Cr\u00e9er un document<\/li>\n\n\n\n<li>Cr\u00e9er un mod\u00e8le pour vos prochains documents<\/li>\n\n\n\n<li>Insertion d&rsquo;objets, d&rsquo;images, de tableaux<\/li>\n\n\n\n<li>Param\u00e8tres d&rsquo;impression et enregistrement<\/li>\n\n\n\n<li>R\u00e9alisation d&rsquo;une table des mati\u00e8res<\/li>\n\n\n\n<li>Saut de pages, en t\u00eate et pied de page<\/li>\n<\/ul>\n\n\n\n<h2 class=\"wp-block-heading\">Initiation et perfectionnement Tableur (Excel ou autres)<\/h2>\n\n\n\n<ul class=\"wp-block-list\">\n<li>Les diff\u00e9rents logiciels existants<\/li>\n\n\n\n<li>D\u00e9couverte de l&rsquo;environnement<\/li>\n\n\n\n<li>Cr\u00e9ation de son premier classeur<\/li>\n\n\n\n<li>Techniques de s\u00e9lection, de d\u00e9placements, s&rsquo;insertion, de suppression, de mise en forme.<\/li>\n\n\n\n<li>Technique de saisie simples et saisies automatiques.<\/li>\n\n\n\n<li>G\u00e9rer les r\u00e9f\u00e9rences relatives et r\u00e9f\u00e9rences absolues<\/li>\n\n\n\n<li>Utilisation de formules simples<\/li>\n\n\n\n<li>Utilisation de formules complexes<\/li>\n\n\n\n<li>Copies et recopies de formules<\/li>\n\n\n\n<li>Organiser son classeur<\/li>\n\n\n\n<li>R\u00e9alisation de graphiques<\/li>\n\n\n\n<li>Trier, filtrer des donn\u00e9es<\/li>\n\n\n\n<li>Utilisation de mise en forme conditionnelle<\/li>\n\n\n\n<li>D\u00e9couverte et initiation TCD<\/li>\n<\/ul>\n\n\n\n<h2 class=\"wp-block-heading\">Initiation et perfectionnement de Pr\u00e9sentation (Powerpoint ou autres)<\/h2>\n\n\n\n<ul class=\"wp-block-list\">\n<li>Cr\u00e9ation d&rsquo;une pr\u00e9sentation<\/li>\n\n\n\n<li>Les us et coutumes d&rsquo;une pr\u00e9sentation<\/li>\n\n\n\n<li>Insertion d&rsquo;objet<\/li>\n\n\n\n<li>Techniques d&rsquo;automatisation<\/li>\n\n\n\n<li>Techniques de mise en forme<\/li>\n\n\n\n<li>Techniques d&rsquo;animation<\/li>\n\n\n\n<li>Techniques d&rsquo;animation avanc\u00e9e<\/li>\n<\/ul>\n\n\n\n<h2 class=\"wp-block-heading\">D\u00e9couverte de la mod\u00e9lisation 3D ( Fusion 360)<\/h2>\n\n\n\n<ul class=\"wp-block-list\">\n<li>Cr\u00e9ation d&rsquo;un compte<\/li>\n\n\n\n<li>L&rsquo;environnement du logiciel<\/li>\n\n\n\n<li>Cr\u00e9ation d&rsquo;esquisse<\/li>\n\n\n\n<li>Transformation en 3D ( Extrusion, R\u00e9volution, Balayage, Lissage&#8230;)<\/li>\n\n\n\n<li>Modification d&rsquo;un objet (Cong\u00e9, Chanfrein, Coque, D\u00e9pouille, Echelle, Combiner&#8230;)<\/li>\n\n\n\n<li>Exportation pour imprimante 3D<\/li>\n<\/ul>\n\n\n\n<h2 class=\"wp-block-heading\">Intervention sur la s\u00e9curit\u00e9 num\u00e9rique<\/h2>\n\n\n\n<ul class=\"wp-block-list\">\n<li>Enum\u00e9rations des risques en milieux professionnels et priv\u00e9s<\/li>\n\n\n\n<li>Les dangers des r\u00e9seaux sociaux  (jeunes, et adultes)<\/li>\n\n\n\n<li>Les techniques pour se prot\u00e9ger<\/li>\n\n\n\n<li>Les r\u00e9flexions \u00e0 mettre en place pour avoir une navigation la plus s\u00e9curis\u00e9e possible<\/li>\n<\/ul>\n\n\n\n<h2 class=\"wp-block-heading\">Initiation \u00e0 la programmation : d\u00e9couverte des algorithmes<\/h2>\n\n\n\n<ul class=\"wp-block-list\">\n<li>Public jeune \u00e0 partir de 8 ans<\/li>\n\n\n\n<li>D\u00e9couverte des algorithmes et de leurs logiques<\/li>\n\n\n\n<li>Boucle, Si, Sinon, gestion de variables \u2026 le tout par le jeu<\/li>\n<\/ul>\n\n\n\n<figure class=\"wp-block-image aligncenter size-full\"><img alt=\"Des mains sur un clavier de pc portable\" loading=\"lazy\" decoding=\"async\" width=\"950\" height=\"320\" src=\"https:\/\/thomaslamy.eu\/wordpress\/tlform\/wp-content\/uploads\/sites\/2\/2024\/04\/pexels-sora-shimazaki-5926373-950x320-1.jpg\" alt=\"\" class=\"wp-image-93\" srcset=\"https:\/\/thomaslamy.eu\/wordpress\/tlform\/wp-content\/uploads\/sites\/2\/2024\/04\/pexels-sora-shimazaki-5926373-950x320-1.jpg 950w, https:\/\/thomaslamy.eu\/wordpress\/tlform\/wp-content\/uploads\/sites\/2\/2024\/04\/pexels-sora-shimazaki-5926373-950x320-1-300x101.jpg 300w, https:\/\/thomaslamy.eu\/wordpress\/tlform\/wp-content\/uploads\/sites\/2\/2024\/04\/pexels-sora-shimazaki-5926373-950x320-1-768x259.jpg 768w\" sizes=\"auto, (max-width: 950px) 100vw, 950px\" \/><\/figure>\n\n\n\n<div class=\"wp-block-buttons is-content-justification-center is-layout-flex wp-container-core-buttons-is-layout-a89b3969 wp-block-buttons-is-layout-flex\">\n<div class=\"wp-block-button is-style-outline is-style-outline--1\"><a class=\"wp-block-button__link has-secondary-color has-text-color wp-element-button\" href=\"https:\/\/thomaslamy.eu\/wordpress\/tlform\/index.php\/contact-2\/\" style=\"border-radius:0px\"><strong>Contact<\/strong><\/a><\/div>\n<\/div>\n\n\n\n<div style=\"height:100px\" aria-hidden=\"true\" class=\"wp-block-spacer\"><\/div>\n","protected":false},"excerpt":{"rendered":"<p>D&rsquo;apr\u00e8s un sondage de France Travail en 2022, la principale difficult\u00e9 annonc\u00e9e par les demandeurs d&#8217;emplois concernait le num\u00e9rique. Mais ce frein se retrouve chez de nombreux actifs en emploi, par le pass\u00e9 j&rsquo;ai moi-m\u00eame attendu une formation EXCEL pendant 5 ans aupr\u00e8s d&rsquo;un employeur, elle n&rsquo;est jamais arriv\u00e9. Je peux intervenir sur diff\u00e9rents th\u00e8mes. &hellip; <\/p>\n<p class=\"link-more\"><a href=\"https:\/\/thomaslamy.eu\/wordpress\/tlform\/formations-numeriques\/\" class=\"more-link\">Lire la suite de<span class=\"screen-reader-text\">\u00ab\u00a0Formations num\u00e9riques\u00a0\u00bb<\/span><\/a><\/p>\n","protected":false},"author":1,"featured_media":104,"parent":0,"menu_order":0,"comment_status":"closed","ping_status":"closed","template":"","meta":{"_seopress_robots_primary_cat":"","_seopress_titles_title":"Formations en bureautique pour tous niveaux - Thomas LAMY Formation","_seopress_titles_desc":"Formateur informatique pour d\u00e9butants jusqu'au niveau avanc\u00e9. Initiations au num\u00e9rique, d\u00e9couverte et perfectionnement Word, Excel, Powerpoint, mod\u00e9lisation 3D.","_seopress_robots_index":"","inspiro_hide_title":false,"footnotes":""},"class_list":["post-54","page","type-page","status-publish","has-post-thumbnail","hentry"],"_links":{"self":[{"href":"https:\/\/thomaslamy.eu\/wordpress\/tlform\/wp-json\/wp\/v2\/pages\/54","targetHints":{"allow":["GET"]}}],"collection":[{"href":"https:\/\/thomaslamy.eu\/wordpress\/tlform\/wp-json\/wp\/v2\/pages"}],"about":[{"href":"https:\/\/thomaslamy.eu\/wordpress\/tlform\/wp-json\/wp\/v2\/types\/page"}],"author":[{"embeddable":true,"href":"https:\/\/thomaslamy.eu\/wordpress\/tlform\/wp-json\/wp\/v2\/users\/1"}],"replies":[{"embeddable":true,"href":"https:\/\/thomaslamy.eu\/wordpress\/tlform\/wp-json\/wp\/v2\/comments?post=54"}],"version-history":[{"count":0,"href":"https:\/\/thomaslamy.eu\/wordpress\/tlform\/wp-json\/wp\/v2\/pages\/54\/revisions"}],"wp:featuredmedia":[{"embeddable":true,"href":"https:\/\/thomaslamy.eu\/wordpress\/tlform\/wp-json\/wp\/v2\/media\/104"}],"wp:attachment":[{"href":"https:\/\/thomaslamy.eu\/wordpress\/tlform\/wp-json\/wp\/v2\/media?parent=54"}],"curies":[{"name":"wp","href":"https:\/\/api.w.org\/{rel}","templated":true}]}}