{"id":10,"date":"2024-04-03T13:27:55","date_gmt":"2024-04-03T11:27:55","guid":{"rendered":"http:\/\/localhost\/wordpress\/?page_id=9"},"modified":"2026-02-01T17:23:13","modified_gmt":"2026-02-01T16:23:13","slug":"about","status":"publish","type":"page","link":"https:\/\/thomaslamy.eu\/wordpress\/tlform\/about\/","title":{"rendered":"Pr\u00e9sentation"},"content":{"rendered":"\n<p class=\"has-text-align-left\"><em>De nature autodidacte, m\u00eal\u00e9e \u00e0 une grande capacit\u00e9 d\u2019adaptation, j\u2019ai pu apprendre, d\u00e9velopper et acqu\u00e9rir une forte exp\u00e9rience dans diff\u00e9rents secteurs professionnels. Ma polyvalence, ma curiosit\u00e9, ma cr\u00e9ativit\u00e9 et mes exp\u00e9riences de la vie me permettent depuis 2019 de transmettre mes connaissances et d&rsquo;accompagner les personnes <\/em>sur un emploi en ad\u00e9quation avec leurs vies, et donc de les accompagner pour une vie meilleure.<\/p>\n\n\n\n<figure class=\"wp-block-table\"><table class=\"has-border-color has-secondary-border-color\" style=\"border-width:2px\"><tbody><tr><td class=\"has-text-align-center\" data-align=\"center\"><em>Suite \u00e0 une reconversion professionnelle, j&rsquo;ai rejoint le secteur de la formation pour adultes depuis Septembre 2019. Mon exp\u00e9rience dans la logistique et ma passion de l&rsquo;informatique m&rsquo;ont permis de m&rsquo;\u00e9panouir dans l&rsquo;animation de s\u00e9ances de formation et dans la transmission de connaissances. Depuis octobre 2022, je suis \u00e0 mon compte pour continuer \u00e0 transmettre et accompagner les personnes vers l&#8217;emploi.<\/em><\/td><\/tr><\/tbody><\/table><\/figure>\n\n\n\n<p style=\"margin-right:var(--wp--preset--spacing--medium);margin-left:var(--wp--preset--spacing--medium)\">Apr\u00e8s 12 ans d&rsquo;exp\u00e9riences comme responsable logistique dans le secteur de l&rsquo;industrie et du m\u00e9dical, j&rsquo;ai effectu\u00e9 une reconversion dans le monde de la formation pour adultes: transmettre, partager, accompagner sont des valeurs extr\u00eamement fortes \u00e0 mes yeux. Pendant ces 3 ann\u00e9es riches en exp\u00e9riences, j&rsquo;intervenais dans un centre de formation sur de multiples actions:<\/p>\n\n\n\n<ul class=\"wp-block-list\">\n<li>Formations \u00ab\u00a0Agent Magasinier\u00a0\u00bb (Prof PAE, Titre pro, plateau tech pour les CVPP)<\/li>\n\n\n\n<li>Formations \u00ab\u00a0Remobilisation vers l&#8217;emploi (T.R.E., &#8230;)\u00a0\u00bb<\/li>\n\n\n\n<li>Formations \u00ab\u00a0Employ\u00e9\/vendeur commercial en magasin (calculs commerciaux, e-marketing&#8230;)<\/li>\n\n\n\n<li>Formations \u00ab\u00a0Sauveteur secouriste du travail\u00a0\u00bb, initiation aux gestes qui sauvent<\/li>\n\n\n\n<li>Formations \u00ab\u00a0Basique informatique\u00a0\u00bb<\/li>\n\n\n\n<li>Formations \u00ab\u00a0Ma\u00eetrise de l&rsquo;environnement num\u00e9rique\u00a0\u00bb (validation PCIE \/ ICDL)<\/li>\n\n\n\n<li style=\"margin-right:0;margin-left:0\">Formations EXCEL niveau interm\u00e9diaire (formules complexes, TCD&#8230;) sur diff\u00e9rentes typologie de public (apprenants en recherche d&#8217;emploi, employ\u00e9s et responsables en entreprise)<\/li>\n\n\n\n<li>\u00c9valuateur Cl\u00e9a<\/li>\n<\/ul>\n\n\n\n<p>La p\u00e9riode du confinement m&rsquo;a permis d&rsquo;utiliser mes connaissances en informatique pour continuer \u00e0 animer les formations \u00e0 distance.<br><br>Depuis septembre 2019, j&rsquo;ai effectu\u00e9 plusieurs formations pour me perfectionner et agrandir mon portefeuille de comp\u00e9tences:<\/p>\n\n\n\n<ul class=\"wp-block-list\">\n<li>Formation \u00ab\u00a0formateur Sauveteur Secouriste du Travail\u00a0\u00bb (mars 2020 et renouvel\u00e9 en mars 2023)<\/li>\n\n\n\n<li>Formation \u00ab\u00a0concevoir des s\u00e9quences p\u00e9dagogiques int\u00e9grant le num\u00e9rique\u00a0\u00bb<\/li>\n\n\n\n<li>Formation \u00ab\u00a0\u00e9valuateur Cl\u00e9a\u00a0\u00bb<\/li>\n\n\n\n<li>Formation \u00e0 la m\u00e9diation sociale (accompagnateur socio-\u00e9ducatif)<\/li>\n<\/ul>\n\n\n\n<p>En mars 2021, j&rsquo;ai commenc\u00e9 un contrat d&rsquo;apprentissage chez POINFOR pour valider le CCP1 du titre F.P.A. \u00ab\u00a0Formateur Professionnel pour Adultes\u00a0\u00bb et \u00e9galement pour me perfectionner aux techniques d&rsquo;animations et de pr\u00e9parations d&rsquo;actions de formation. J&rsquo;ai pass\u00e9 l&rsquo;examen du CCP1 en d\u00e9cembre 2021, et il a \u00e9t\u00e9 valid\u00e9.<\/p>\n\n\n\n<h2 class=\"wp-block-heading\">Ind\u00e9pendant<\/h2>\n\n\n\n<p>Depuis septembre 2022, je me suis mis \u00e0 mon compte pour travailler sur des publics \u00e9loign\u00e9s de l&#8217;emploi pour les remobiliser, les accompagner, leur redonner go\u00fbt \u00e0 l&rsquo;activit\u00e9 personnelle ET professionnelle, leur redonner confiance. J&rsquo;ai donc coconstruit la formation <strong>PREPA-IAE<\/strong> en concevant le module Employabilit\u00e9 (financement r\u00e9gion Grand Est et d\u00e9partement de la haute marne). Je travaille \u00e9galement pour des centres de formations du secteur sur diff\u00e9rents modules : T.R.E., remise \u00e0 niveau en math\u00e9matique, logistique, &#8230;<\/p>\n\n\n\n<h2 class=\"wp-block-heading\">Auto-Formation \/ Cr\u00e9ation<\/h2>\n\n\n\n<p>Avant de rejoindre le monde de la formation, j&rsquo;ai toujours appr\u00e9ci\u00e9 apprendre de nouvelles choses. Lors de la d\u00e9couverte du Cl\u00e9a, le module \u00ab\u00a0Apprendre \u00e0 apprendre\u00a0\u00bb a \u00e9t\u00e9 r\u00e9v\u00e9lateur pour moi. Encore aujourd&rsquo;hui, ma soif d&rsquo;apprendre n&rsquo;a jamais \u00e9t\u00e9 aussi forte. Je me forme et perfectionne sur une multitudes d&rsquo;outils et logiciels en autoformation ou via des plateformes de formation en ligne:<\/p>\n\n\n\n<ul class=\"wp-block-list\">\n<li>Langage de d\u00e9veloppement HTML5, CSS3, PHP, MySQL, Bootstrap, CMS (WordPress), proc\u00e9dural et MVC<\/li>\n\n\n\n<li>D\u00e9veloppement Python 2.7 et 3.5 (pour Raspberry)<\/li>\n\n\n\n<li>Arduino<\/li>\n\n\n\n<li>Perfectionnement Microsoft Office: Excel, Word, Powerpoint<\/li>\n\n\n\n<li>Formation Articulate Storyline<\/li>\n\n\n\n<li>Formation sur les outils Google (Form, Sheets, docs &#8230;)<\/li>\n\n\n\n<li>D\u00e9couverte infographie (Canva)<\/li>\n\n\n\n<li>&#8230;<\/li>\n<\/ul>\n\n\n\n<p>Aujourd&rsquo;hui, je me sers de ces comp\u00e9tences au quotidien autant dans ma vie professionnelle que dans ma vie perso pour diff\u00e9rents projets. Voici quelques exemples:<\/p>\n\n\n\n<h3 class=\"wp-block-heading\">Vie professionnelle<\/h3>\n\n\n\n<ul class=\"wp-block-list\">\n<li style=\"margin-left:var(--wp--preset--spacing--small)\">Cr\u00e9ation du logiciel \u00ab\u00a0C\u00e9lia\u00a0\u00bb d\u00e9di\u00e9 \u00e0 l&rsquo;apprentissage de la gestion de stock et la logistique en g\u00e9n\u00e9ral (+ projet d&rsquo;une douchette de picking autonome)<\/li>\n\n\n\n<li style=\"margin-left:var(--wp--preset--spacing--small)\">R\u00e9alisation d&rsquo;un test HOLLAND\/RIASEC en ligne avec connexion \u00e0 une base de donn\u00e9es de fiches m\u00e9tiers destin\u00e9s aux apprenants<\/li>\n\n\n\n<li style=\"margin-left:var(--wp--preset--spacing--small)\">R\u00e9alisation de modules num\u00e9riques d\u00e9di\u00e9s \u00e0 l&rsquo;apprentissage de la logistique via Articulate Storyline (exemple&nbsp;<a href=\"https:\/\/thomaslamy.eu\/outils\/ldz\/story.html\">ici<\/a>&nbsp;pour l&rsquo;apprentissage des diff\u00e9rentes zones d&rsquo;un entrep\u00f4t logistique)<\/li>\n\n\n\n<li style=\"margin-left:var(--wp--preset--spacing--small)\">Cr\u00e9ation d&rsquo;un moteur de recherche sur les fiches m\u00e9tiers de France Travail<\/li>\n\n\n\n<li style=\"margin-left:var(--wp--preset--spacing--small)\">Cr\u00e9ation de pages r\u00e9capitulatives pour les diff\u00e9rents groupes sur lesquels j&rsquo;interviens (liens, fichiers, cr\u00e9ations des stagiaires&#8230;)<\/li>\n\n\n\n<li style=\"margin-left:var(--wp--preset--spacing--small)\">Cr\u00e9ation et gestion de servers Discord pour les diff\u00e9rentes formations o\u00f9 j&rsquo;interviens (FOAD ou non&#8230;) pour faciliter la coordination entre les diff\u00e9rents intervenants<\/li>\n\n\n\n<li style=\"margin-left:var(--wp--preset--spacing--small)\">Cr\u00e9ation de s\u00e9ances de formation sur la s\u00e9curit\u00e9 en ligne pour les d\u00e9butants du num\u00e9rique (cr\u00e9ation de mot de passe s\u00e9curis\u00e9, d\u00e9jouer les arnaques en ligne, attitudes \u00e0 adopter, les pi\u00e8ges des r\u00e9seaux sociaux&#8230;)<\/li>\n\n\n\n<li style=\"margin-left:var(--wp--preset--spacing--small)\">R\u00e9alisation d&rsquo;infographies regroupant les nouvelles connaissances vues lors des s\u00e9ances de formation (exemple&nbsp;<a href=\"https:\/\/thomaslamy.eu\/creation\/Claviers.pdf\">ici<\/a>&nbsp;pour un r\u00e9capitulatif des combinaisons de touches d&rsquo;un clavier)<\/li>\n<\/ul>\n\n\n\n<h3 class=\"wp-block-heading has-medium-font-size\" style=\"margin-top:0;margin-left:0\">Vie personnelle<\/h3>\n\n\n\n<ul class=\"wp-block-list\">\n<li style=\"margin-left:var(--wp--preset--spacing--small)\">Cr\u00e9ation de mon site web personnel<\/li>\n\n\n\n<li style=\"margin-left:var(--wp--preset--spacing--small)\">Cr\u00e9ation d&rsquo;outils p\u00e9dagogiques pour mes enfants (Exemple&nbsp;<a href=\"https:\/\/thomaslamy.eu\/lilou\/\">ici<\/a>&nbsp;pour un atelier cr\u00e9atif pour d\u00e9velopper l&rsquo;imagination)<\/li>\n\n\n\n<li style=\"margin-left:var(--wp--preset--spacing--small)\">Cr\u00e9ation d&rsquo;un Photobooth<\/li>\n\n\n\n<li style=\"margin-left:var(--wp--preset--spacing--small)\">Monitoring informatique<\/li>\n\n\n\n<li style=\"margin-left:var(--wp--preset--spacing--small)\">Gestion d&rsquo;une vid\u00e9o surveillance connect\u00e9e avec notification<\/li>\n\n\n\n<li style=\"margin-left:var(--wp--preset--spacing--small)\">Cr\u00e9atif : bricolage en bois (scie \u00e0 chantourner, pyrograveur\u2026), couture\u2026 <\/li>\n\n\n\n<li style=\"margin-left:var(--wp--preset--spacing--small)\">Mod\u00e9lisation 3D et fabrication d&rsquo;une box \u00ab\u00a0camping\u00a0\u00bb pour van<\/li>\n<\/ul>\n\n\n\n<h2 class=\"wp-block-heading\">Autonome pour intervenir<\/h2>\n\n\n\n<p>Je poss\u00e8de une flotte de 15 ordinateurs \u00e0 jour, une imprimante laser couleur, l&rsquo;\u00e9quipement \u00e9lectriques n\u00e9cessaires, 2 points d&rsquo;acc\u00e8s mobiles Internet, un vid\u00e9o projecteur + enceinte Bluetooth, tableau blanc magn\u00e9tique&#8230;.<\/p>\n","protected":false},"excerpt":{"rendered":"<p>De nature autodidacte, m\u00eal\u00e9e \u00e0 une grande capacit\u00e9 d\u2019adaptation, j\u2019ai pu apprendre, d\u00e9velopper et acqu\u00e9rir une forte exp\u00e9rience dans diff\u00e9rents secteurs professionnels. Ma polyvalence, ma curiosit\u00e9, ma cr\u00e9ativit\u00e9 et mes exp\u00e9riences de la vie me permettent depuis 2019 de transmettre mes connaissances et d&rsquo;accompagner les personnes sur un emploi en ad\u00e9quation avec leurs vies, et &hellip; <\/p>\n<p class=\"link-more\"><a href=\"https:\/\/thomaslamy.eu\/wordpress\/tlform\/about\/\" class=\"more-link\">Lire la suite de<span class=\"screen-reader-text\">\u00ab\u00a0Pr\u00e9sentation\u00a0\u00bb<\/span><\/a><\/p>\n","protected":false},"author":1,"featured_media":104,"parent":0,"menu_order":0,"comment_status":"closed","ping_status":"closed","template":"","meta":{"_seopress_robots_primary_cat":"","_seopress_titles_title":"","_seopress_titles_desc":"","_seopress_robots_index":"","inspiro_hide_title":false,"footnotes":""},"class_list":["post-10","page","type-page","status-publish","has-post-thumbnail","hentry"],"_links":{"self":[{"href":"https:\/\/thomaslamy.eu\/wordpress\/tlform\/wp-json\/wp\/v2\/pages\/10","targetHints":{"allow":["GET"]}}],"collection":[{"href":"https:\/\/thomaslamy.eu\/wordpress\/tlform\/wp-json\/wp\/v2\/pages"}],"about":[{"href":"https:\/\/thomaslamy.eu\/wordpress\/tlform\/wp-json\/wp\/v2\/types\/page"}],"author":[{"embeddable":true,"href":"https:\/\/thomaslamy.eu\/wordpress\/tlform\/wp-json\/wp\/v2\/users\/1"}],"replies":[{"embeddable":true,"href":"https:\/\/thomaslamy.eu\/wordpress\/tlform\/wp-json\/wp\/v2\/comments?post=10"}],"version-history":[{"count":3,"href":"https:\/\/thomaslamy.eu\/wordpress\/tlform\/wp-json\/wp\/v2\/pages\/10\/revisions"}],"predecessor-version":[{"id":412,"href":"https:\/\/thomaslamy.eu\/wordpress\/tlform\/wp-json\/wp\/v2\/pages\/10\/revisions\/412"}],"wp:featuredmedia":[{"embeddable":true,"href":"https:\/\/thomaslamy.eu\/wordpress\/tlform\/wp-json\/wp\/v2\/media\/104"}],"wp:attachment":[{"href":"https:\/\/thomaslamy.eu\/wordpress\/tlform\/wp-json\/wp\/v2\/media?parent=10"}],"curies":[{"name":"wp","href":"https:\/\/api.w.org\/{rel}","templated":true}]}}