{"id":38,"date":"2026-01-30T14:54:09","date_gmt":"2026-01-30T13:54:09","guid":{"rendered":"https:\/\/thomaslamy.eu\/wordpress\/cv\/?page_id=38"},"modified":"2026-02-01T01:19:34","modified_gmt":"2026-02-01T00:19:34","slug":"mon-parcours","status":"publish","type":"page","link":"https:\/\/thomaslamy.eu\/wordpress\/cv\/mon-parcours\/","title":{"rendered":"Mon parcours"},"content":{"rendered":"<p class=\"wp-block-tag-cloud\"><a href=\"https:\/\/thomaslamy.eu\/wordpress\/cv\/tag\/accompagnement\/\" class=\"tag-cloud-link tag-link-46 tag-link-position-1\" style=\"font-size: 8pt;\" aria-label=\"accompagnement (1 \u00e9l\u00e9ment)\">accompagnement<\/a>\n<a href=\"https:\/\/thomaslamy.eu\/wordpress\/cv\/tag\/analyse\/\" class=\"tag-cloud-link tag-link-52 tag-link-position-2\" style=\"font-size: 8pt;\" aria-label=\"Analyse (1 \u00e9l\u00e9ment)\">Analyse<\/a>\n<a href=\"https:\/\/thomaslamy.eu\/wordpress\/cv\/tag\/bureautique\/\" class=\"tag-cloud-link tag-link-10 tag-link-position-3\" style=\"font-size: 16.4pt;\" aria-label=\"bureautique (2 \u00e9l\u00e9ments)\">bureautique<\/a>\n<a href=\"https:\/\/thomaslamy.eu\/wordpress\/cv\/tag\/caces\/\" class=\"tag-cloud-link tag-link-44 tag-link-position-4\" style=\"font-size: 8pt;\" aria-label=\"CACES (1 \u00e9l\u00e9ment)\">CACES<\/a>\n<a href=\"https:\/\/thomaslamy.eu\/wordpress\/cv\/tag\/caces-r489\/\" class=\"tag-cloud-link tag-link-34 tag-link-position-5\" style=\"font-size: 8pt;\" aria-label=\"CACES R489 (1 \u00e9l\u00e9ment)\">CACES R489<\/a>\n<a href=\"https:\/\/thomaslamy.eu\/wordpress\/cv\/tag\/commande-numerique\/\" class=\"tag-cloud-link tag-link-28 tag-link-position-6\" style=\"font-size: 16.4pt;\" aria-label=\"Commande num\u00e9rique (2 \u00e9l\u00e9ments)\">Commande num\u00e9rique<\/a>\n<a href=\"https:\/\/thomaslamy.eu\/wordpress\/cv\/tag\/commercial\/\" class=\"tag-cloud-link tag-link-24 tag-link-position-7\" style=\"font-size: 8pt;\" aria-label=\"commercial (1 \u00e9l\u00e9ment)\">commercial<\/a>\n<a href=\"https:\/\/thomaslamy.eu\/wordpress\/cv\/tag\/css\/\" class=\"tag-cloud-link tag-link-14 tag-link-position-8\" style=\"font-size: 8pt;\" aria-label=\"css (1 \u00e9l\u00e9ment)\">css<\/a>\n<a href=\"https:\/\/thomaslamy.eu\/wordpress\/cv\/tag\/dpf\/\" class=\"tag-cloud-link tag-link-42 tag-link-position-9\" style=\"font-size: 8pt;\" aria-label=\"DPF (1 \u00e9l\u00e9ment)\">DPF<\/a>\n<a href=\"https:\/\/thomaslamy.eu\/wordpress\/cv\/tag\/droits-et-devoirs\/\" class=\"tag-cloud-link tag-link-50 tag-link-position-10\" style=\"font-size: 8pt;\" aria-label=\"Droits et devoirs (1 \u00e9l\u00e9ment)\">Droits et devoirs<\/a>\n<a href=\"https:\/\/thomaslamy.eu\/wordpress\/cv\/tag\/developpement-web\/\" class=\"tag-cloud-link tag-link-11 tag-link-position-11\" style=\"font-size: 8pt;\" aria-label=\"d\u00e9veloppement web (1 \u00e9l\u00e9ment)\">d\u00e9veloppement web<\/a>\n<a href=\"https:\/\/thomaslamy.eu\/wordpress\/cv\/tag\/elearning\/\" class=\"tag-cloud-link tag-link-9 tag-link-position-12\" style=\"font-size: 8pt;\" aria-label=\"elearning (1 \u00e9l\u00e9ment)\">elearning<\/a>\n<a href=\"https:\/\/thomaslamy.eu\/wordpress\/cv\/tag\/emballage\/\" class=\"tag-cloud-link tag-link-35 tag-link-position-13\" style=\"font-size: 8pt;\" aria-label=\"Emballage (1 \u00e9l\u00e9ment)\">Emballage<\/a>\n<a href=\"https:\/\/thomaslamy.eu\/wordpress\/cv\/tag\/excel\/\" class=\"tag-cloud-link tag-link-16 tag-link-position-14\" style=\"font-size: 22pt;\" aria-label=\"excel (3 \u00e9l\u00e9ments)\">excel<\/a>\n<a href=\"https:\/\/thomaslamy.eu\/wordpress\/cv\/tag\/formation\/\" class=\"tag-cloud-link tag-link-8 tag-link-position-15\" style=\"font-size: 16.4pt;\" aria-label=\"formation (2 \u00e9l\u00e9ments)\">formation<\/a>\n<a href=\"https:\/\/thomaslamy.eu\/wordpress\/cv\/tag\/france-travail\/\" class=\"tag-cloud-link tag-link-48 tag-link-position-16\" style=\"font-size: 8pt;\" aria-label=\"France Travail (1 \u00e9l\u00e9ment)\">France Travail<\/a>\n<a href=\"https:\/\/thomaslamy.eu\/wordpress\/cv\/tag\/gestion-de-projet\/\" class=\"tag-cloud-link tag-link-5 tag-link-position-17\" style=\"font-size: 16.4pt;\" aria-label=\"Gestion de Projet (2 \u00e9l\u00e9ments)\">Gestion de Projet<\/a>\n<a href=\"https:\/\/thomaslamy.eu\/wordpress\/cv\/tag\/gestion-de-stock\/\" class=\"tag-cloud-link tag-link-22 tag-link-position-18\" style=\"font-size: 8pt;\" aria-label=\"gestion de stock (1 \u00e9l\u00e9ment)\">gestion de stock<\/a>\n<a href=\"https:\/\/thomaslamy.eu\/wordpress\/cv\/tag\/html\/\" class=\"tag-cloud-link tag-link-12 tag-link-position-19\" style=\"font-size: 8pt;\" aria-label=\"html (1 \u00e9l\u00e9ment)\">html<\/a>\n<a href=\"https:\/\/thomaslamy.eu\/wordpress\/cv\/tag\/industrie\/\" class=\"tag-cloud-link tag-link-32 tag-link-position-20\" style=\"font-size: 16.4pt;\" aria-label=\"industrie (2 \u00e9l\u00e9ments)\">industrie<\/a>\n<a href=\"https:\/\/thomaslamy.eu\/wordpress\/cv\/tag\/independant\/\" class=\"tag-cloud-link tag-link-6 tag-link-position-21\" style=\"font-size: 8pt;\" aria-label=\"Ind\u00e9pendant (1 \u00e9l\u00e9ment)\">Ind\u00e9pendant<\/a>\n<a href=\"https:\/\/thomaslamy.eu\/wordpress\/cv\/tag\/ingenierie\/\" class=\"tag-cloud-link tag-link-4 tag-link-position-22\" style=\"font-size: 8pt;\" aria-label=\"Ing\u00e9nierie (1 \u00e9l\u00e9ment)\">Ing\u00e9nierie<\/a>\n<a href=\"https:\/\/thomaslamy.eu\/wordpress\/cv\/tag\/interim\/\" class=\"tag-cloud-link tag-link-55 tag-link-position-23\" style=\"font-size: 8pt;\" aria-label=\"interim (1 \u00e9l\u00e9ment)\">interim<\/a>\n<a href=\"https:\/\/thomaslamy.eu\/wordpress\/cv\/tag\/internet\/\" class=\"tag-cloud-link tag-link-41 tag-link-position-24\" style=\"font-size: 8pt;\" aria-label=\"Internet (1 \u00e9l\u00e9ment)\">Internet<\/a>\n<a href=\"https:\/\/thomaslamy.eu\/wordpress\/cv\/tag\/laboratoire\/\" class=\"tag-cloud-link tag-link-57 tag-link-position-25\" style=\"font-size: 8pt;\" aria-label=\"laboratoire (1 \u00e9l\u00e9ment)\">laboratoire<\/a>\n<a href=\"https:\/\/thomaslamy.eu\/wordpress\/cv\/tag\/logistique\/\" class=\"tag-cloud-link tag-link-21 tag-link-position-26\" style=\"font-size: 22pt;\" aria-label=\"logistique (3 \u00e9l\u00e9ments)\">logistique<\/a>\n<a href=\"https:\/\/thomaslamy.eu\/wordpress\/cv\/tag\/php\/\" class=\"tag-cloud-link tag-link-13 tag-link-position-27\" style=\"font-size: 8pt;\" aria-label=\"php (1 \u00e9l\u00e9ment)\">php<\/a>\n<a href=\"https:\/\/thomaslamy.eu\/wordpress\/cv\/tag\/plasturgie\/\" class=\"tag-cloud-link tag-link-56 tag-link-position-28\" style=\"font-size: 8pt;\" aria-label=\"plasturgie (1 \u00e9l\u00e9ment)\">plasturgie<\/a>\n<a href=\"https:\/\/thomaslamy.eu\/wordpress\/cv\/tag\/pliage\/\" class=\"tag-cloud-link tag-link-37 tag-link-position-29\" style=\"font-size: 8pt;\" aria-label=\"Pliage (1 \u00e9l\u00e9ment)\">Pliage<\/a>\n<a href=\"https:\/\/thomaslamy.eu\/wordpress\/cv\/tag\/poinconnage\/\" class=\"tag-cloud-link tag-link-39 tag-link-position-30\" style=\"font-size: 8pt;\" aria-label=\"poin\u00e7onnage (1 \u00e9l\u00e9ment)\">poin\u00e7onnage<\/a>\n<a href=\"https:\/\/thomaslamy.eu\/wordpress\/cv\/tag\/posture\/\" class=\"tag-cloud-link tag-link-49 tag-link-position-31\" style=\"font-size: 8pt;\" aria-label=\"Posture (1 \u00e9l\u00e9ment)\">Posture<\/a>\n<a href=\"https:\/\/thomaslamy.eu\/wordpress\/cv\/tag\/powerpoint\/\" class=\"tag-cloud-link tag-link-18 tag-link-position-32\" style=\"font-size: 8pt;\" aria-label=\"powerpoint (1 \u00e9l\u00e9ment)\">powerpoint<\/a>\n<a href=\"https:\/\/thomaslamy.eu\/wordpress\/cv\/tag\/pedagogie\/\" class=\"tag-cloud-link tag-link-7 tag-link-position-33\" style=\"font-size: 16.4pt;\" aria-label=\"P\u00e9dagogie (2 \u00e9l\u00e9ments)\">P\u00e9dagogie<\/a>\n<a href=\"https:\/\/thomaslamy.eu\/wordpress\/cv\/tag\/remob\/\" class=\"tag-cloud-link tag-link-43 tag-link-position-34\" style=\"font-size: 8pt;\" aria-label=\"remob (1 \u00e9l\u00e9ment)\">remob<\/a>\n<a href=\"https:\/\/thomaslamy.eu\/wordpress\/cv\/tag\/rsa\/\" class=\"tag-cloud-link tag-link-47 tag-link-position-35\" style=\"font-size: 8pt;\" aria-label=\"RSA (1 \u00e9l\u00e9ment)\">RSA<\/a>\n<a href=\"https:\/\/thomaslamy.eu\/wordpress\/cv\/tag\/salon-professionnel\/\" class=\"tag-cloud-link tag-link-23 tag-link-position-36\" style=\"font-size: 8pt;\" aria-label=\"Salon professionnel (1 \u00e9l\u00e9ment)\">Salon professionnel<\/a>\n<a href=\"https:\/\/thomaslamy.eu\/wordpress\/cv\/tag\/sante-mentale\/\" class=\"tag-cloud-link tag-link-20 tag-link-position-37\" style=\"font-size: 8pt;\" aria-label=\"sant\u00e9 mentale (1 \u00e9l\u00e9ment)\">sant\u00e9 mentale<\/a>\n<a href=\"https:\/\/thomaslamy.eu\/wordpress\/cv\/tag\/sante-physique\/\" class=\"tag-cloud-link tag-link-19 tag-link-position-38\" style=\"font-size: 8pt;\" aria-label=\"sant\u00e9 physique (1 \u00e9l\u00e9ment)\">sant\u00e9 physique<\/a>\n<a href=\"https:\/\/thomaslamy.eu\/wordpress\/cv\/tag\/soudure\/\" class=\"tag-cloud-link tag-link-36 tag-link-position-39\" style=\"font-size: 8pt;\" aria-label=\"Soudure (1 \u00e9l\u00e9ment)\">Soudure<\/a>\n<a href=\"https:\/\/thomaslamy.eu\/wordpress\/cv\/tag\/sst\/\" class=\"tag-cloud-link tag-link-45 tag-link-position-40\" style=\"font-size: 8pt;\" aria-label=\"SST (1 \u00e9l\u00e9ment)\">SST<\/a>\n<a href=\"https:\/\/thomaslamy.eu\/wordpress\/cv\/tag\/securite\/\" class=\"tag-cloud-link tag-link-51 tag-link-position-41\" style=\"font-size: 8pt;\" aria-label=\"S\u00e9curit\u00e9 (1 \u00e9l\u00e9ment)\">S\u00e9curit\u00e9<\/a>\n<a href=\"https:\/\/thomaslamy.eu\/wordpress\/cv\/tag\/transporteurs\/\" class=\"tag-cloud-link tag-link-25 tag-link-position-42\" style=\"font-size: 8pt;\" aria-label=\"transporteurs (1 \u00e9l\u00e9ment)\">transporteurs<\/a>\n<a href=\"https:\/\/thomaslamy.eu\/wordpress\/cv\/tag\/valeurs\/\" class=\"tag-cloud-link tag-link-53 tag-link-position-43\" style=\"font-size: 8pt;\" aria-label=\"Valeurs (1 \u00e9l\u00e9ment)\">Valeurs<\/a>\n<a href=\"https:\/\/thomaslamy.eu\/wordpress\/cv\/tag\/word\/\" class=\"tag-cloud-link tag-link-17 tag-link-position-44\" style=\"font-size: 16.4pt;\" aria-label=\"word (2 \u00e9l\u00e9ments)\">word<\/a>\n<a href=\"https:\/\/thomaslamy.eu\/wordpress\/cv\/tag\/wordpress\/\" class=\"tag-cloud-link tag-link-15 tag-link-position-45\" style=\"font-size: 8pt;\" aria-label=\"wordpress (1 \u00e9l\u00e9ment)\">wordpress<\/a><\/p>\n\n\n<p><\/p>\n","protected":false},"excerpt":{"rendered":"","protected":false},"author":1,"featured_media":0,"parent":0,"menu_order":0,"comment_status":"closed","ping_status":"closed","template":"","meta":{"footnotes":""},"class_list":["post-38","page","type-page","status-publish","hentry"],"blocksy_meta":[],"_links":{"self":[{"href":"https:\/\/thomaslamy.eu\/wordpress\/cv\/wp-json\/wp\/v2\/pages\/38","targetHints":{"allow":["GET"]}}],"collection":[{"href":"https:\/\/thomaslamy.eu\/wordpress\/cv\/wp-json\/wp\/v2\/pages"}],"about":[{"href":"https:\/\/thomaslamy.eu\/wordpress\/cv\/wp-json\/wp\/v2\/types\/page"}],"author":[{"embeddable":true,"href":"https:\/\/thomaslamy.eu\/wordpress\/cv\/wp-json\/wp\/v2\/users\/1"}],"replies":[{"embeddable":true,"href":"https:\/\/thomaslamy.eu\/wordpress\/cv\/wp-json\/wp\/v2\/comments?post=38"}],"version-history":[{"count":3,"href":"https:\/\/thomaslamy.eu\/wordpress\/cv\/wp-json\/wp\/v2\/pages\/38\/revisions"}],"predecessor-version":[{"id":80,"href":"https:\/\/thomaslamy.eu\/wordpress\/cv\/wp-json\/wp\/v2\/pages\/38\/revisions\/80"}],"wp:attachment":[{"href":"https:\/\/thomaslamy.eu\/wordpress\/cv\/wp-json\/wp\/v2\/media?parent=38"}],"curies":[{"name":"wp","href":"https:\/\/api.w.org\/{rel}","templated":true}]}}